{"id":107,"date":"2024-10-28T08:54:27","date_gmt":"2024-10-28T11:54:27","guid":{"rendered":"https:\/\/mediamaratonpm.com.ar\/tienda\/?post_type=product&#038;p=107"},"modified":"2026-04-19T22:18:56","modified_gmt":"2026-04-20T01:18:56","slug":"21k","status":"publish","type":"product","link":"https:\/\/mediamaratonpm.com.ar\/tienda\/producto\/21k\/","title":{"rendered":"21K"},"content":{"rendered":"","protected":false},"excerpt":{"rendered":"<p>El circuito de la media marat\u00f3n (21km) busca posicionarse como uno de los mejores y mas lindos del pa\u00eds, bordeando toda la costa y pasando por lugares caracter\u00edsticos de nuestra ciudad, ser\u00e1 una sola vuelta largando y llegando desde el parador Praia.<\/p>\n<p><a href=\"https:\/\/mediamaratonpm.com.ar\/tienda\/wp-content\/uploads\/sites\/2\/2026\/03\/remeras.jpeg\" target=\"_blank\" rel=\"noopener\">Ver talle remera<\/a><\/p>\n","protected":false},"featured_media":1227,"template":"","meta":[],"product_brand":[],"product_cat":[16],"product_tag":[],"class_list":{"0":"post-107","1":"product","2":"type-product","3":"status-publish","4":"has-post-thumbnail","6":"product_cat-carrera","8":"first","9":"outofstock","10":"virtual","11":"purchasable","12":"product-type-ticket-event"},"_links":{"self":[{"href":"https:\/\/mediamaratonpm.com.ar\/tienda\/wp-json\/wp\/v2\/product\/107","targetHints":{"allow":["GET"]}}],"collection":[{"href":"https:\/\/mediamaratonpm.com.ar\/tienda\/wp-json\/wp\/v2\/product"}],"about":[{"href":"https:\/\/mediamaratonpm.com.ar\/tienda\/wp-json\/wp\/v2\/types\/product"}],"wp:featuredmedia":[{"embeddable":true,"href":"https:\/\/mediamaratonpm.com.ar\/tienda\/wp-json\/wp\/v2\/media\/1227"}],"wp:attachment":[{"href":"https:\/\/mediamaratonpm.com.ar\/tienda\/wp-json\/wp\/v2\/media?parent=107"}],"wp:term":[{"taxonomy":"product_brand","embeddable":true,"href":"https:\/\/mediamaratonpm.com.ar\/tienda\/wp-json\/wp\/v2\/product_brand?post=107"},{"taxonomy":"product_cat","embeddable":true,"href":"https:\/\/mediamaratonpm.com.ar\/tienda\/wp-json\/wp\/v2\/product_cat?post=107"},{"taxonomy":"product_tag","embeddable":true,"href":"https:\/\/mediamaratonpm.com.ar\/tienda\/wp-json\/wp\/v2\/product_tag?post=107"}],"curies":[{"name":"wp","href":"https:\/\/api.w.org\/{rel}","templated":true}]}}